{"id":18,"date":"2024-10-23T17:01:33","date_gmt":"2024-10-23T20:01:33","guid":{"rendered":"http:\/\/localhost:8882\/?page_id=18"},"modified":"2025-01-13T20:45:34","modified_gmt":"2025-01-13T23:45:34","slug":"elementor-18","status":"publish","type":"page","link":"https:\/\/cerebrototal.com.br\/pct\/","title":{"rendered":"Home"},"content":{"rendered":"\t\t<div data-elementor-type=\"wp-page\" data-elementor-id=\"18\" class=\"elementor elementor-18\">\n\t\t\t\t\t\t<section class=\"elementor-section elementor-top-section elementor-element elementor-element-70538af4 elementor-section-full_width elementor-section-height-default elementor-section-height-default\" data-id=\"70538af4\" data-element_type=\"section\" data-settings=\"{&quot;background_background&quot;:&quot;classic&quot;}\">\n\t\t\t\t\t\t<div class=\"elementor-container elementor-column-gap-default\">\n\t\t\t\t\t<div class=\"elementor-column elementor-col-100 elementor-top-column elementor-element elementor-element-3e22493a\" data-id=\"3e22493a\" data-element_type=\"column\" data-settings=\"{&quot;background_background&quot;:&quot;classic&quot;}\">\n\t\t\t<div class=\"elementor-widget-wrap elementor-element-populated\">\n\t\t\t\t\t\t<div class=\"elementor-element elementor-element-283b99fe elementor-widget elementor-widget-text-editor\" data-id=\"283b99fe\" data-element_type=\"widget\" data-widget_type=\"text-editor.default\">\n\t\t\t\t<div class=\"elementor-widget-container\">\n\t\t\t\t\t\t\t<p><strong>Seu c\u00e9rebro muito mais potente<\/strong><\/p>\t\t\t\t\t\t<\/div>\n\t\t\t\t<\/div>\n\t\t\t\t\t<\/div>\n\t\t<\/div>\n\t\t\t\t\t<\/div>\n\t\t<\/section>\n\t\t\t\t<section class=\"elementor-section elementor-top-section elementor-element elementor-element-4255116 elementor-section-boxed elementor-section-height-default elementor-section-height-default\" data-id=\"4255116\" data-element_type=\"section\" data-settings=\"{&quot;background_background&quot;:&quot;classic&quot;}\">\n\t\t\t\t\t\t<div class=\"elementor-container elementor-column-gap-default\">\n\t\t\t\t\t<div class=\"elementor-column elementor-col-100 elementor-top-column elementor-element elementor-element-2b4c9730\" data-id=\"2b4c9730\" data-element_type=\"column\">\n\t\t\t<div class=\"elementor-widget-wrap elementor-element-populated\">\n\t\t\t\t\t\t<div class=\"elementor-element elementor-element-4407eea elementor-widget elementor-widget-image\" data-id=\"4407eea\" data-element_type=\"widget\" data-widget_type=\"image.default\">\n\t\t\t\t<div class=\"elementor-widget-container\">\n\t\t\t\t\t\t\t\t\t\t\t\t\t<img fetchpriority=\"high\" decoding=\"async\" width=\"800\" height=\"800\" src=\"https:\/\/cerebrototal.com.br\/pct\/wp-content\/uploads\/2025\/01\/PCT-Capa.jpeg\" class=\"attachment-large size-large wp-image-202\" alt=\"\" srcset=\"https:\/\/cerebrototal.com.br\/pct\/wp-content\/uploads\/2025\/01\/PCT-Capa.jpeg 1024w, https:\/\/cerebrototal.com.br\/pct\/wp-content\/uploads\/2025\/01\/PCT-Capa-300x300.jpeg 300w, https:\/\/cerebrototal.com.br\/pct\/wp-content\/uploads\/2025\/01\/PCT-Capa-150x150.jpeg 150w, https:\/\/cerebrototal.com.br\/pct\/wp-content\/uploads\/2025\/01\/PCT-Capa-768x768.jpeg 768w\" sizes=\"(max-width: 800px) 100vw, 800px\" \/>\t\t\t\t\t\t\t\t\t\t\t\t\t<\/div>\n\t\t\t\t<\/div>\n\t\t\t\t<div class=\"elementor-element elementor-element-8582123 elementor-widget elementor-widget-text-editor\" data-id=\"8582123\" data-element_type=\"widget\" data-widget_type=\"text-editor.default\">\n\t\t\t\t<div class=\"elementor-widget-container\">\n\t\t\t\t\t\t\t<div class=\"pbuilder_module\" data-shortcode=\"text\" data-modid=\"25\"><div id=\"frb_text_399686538\" class=\"\"><div class=\"frb_text\">Copyright 2024 \u2013 Todos os direitos reservados \/ Criado e mantido por <strong>Diego Nolasco<\/strong><\/div><div><p class=\"p1\"><span class=\"s1\">Curr\u00edculo Lattes: <\/span><a href=\"http:\/\/lattes.cnpq.br\/2381802193180578\">http:\/\/lattes.cnpq.br\/2381802193180578<\/a><\/p><\/div><div>\u00a0<\/div><\/div><\/div><div class=\"pbuilder_module\" data-shortcode=\"text\" data-modid=\"30\"><div id=\"frb_text_2138689244\" class=\"\"><div class=\"frb_text\">Aviso legal: Este site n\u00e3o possui qualquer afilia\u00e7\u00e3o com o Facebook ou suas empresas. Suas informa\u00e7\u00f5es jamais ser\u00e3o vendidas ou compartilhadas com terceiros.<\/div><\/div><div>\u00a0<\/div><div>Acredito em um trabalho s\u00e9rio e honesto. Aqui, mostro os tipos de resultados que podem ser alcan\u00e7ados com as informa\u00e7\u00f5es certas e verdadeiras. No entanto, \u00e9 importante deixar claro: os meus resultados n\u00e3o s\u00e3o t\u00edpicos, e de forma alguma estou sugerindo que voc\u00ea ter\u00e1 os mesmos resultados de forma imediata, sem esfor\u00e7o, ou como se fosse &#8220;m\u00e1gica&#8221;. Esse \u00e9 um processo leg\u00edtimo, que demanda dedica\u00e7\u00e3o. O qu\u00e3o r\u00e1pido e qu\u00e3o longe voc\u00ea poder\u00e1 chegar depende exclusivamente de voc\u00ea. Meu objetivo ao compartilhar minha hist\u00f3ria \u00e9 inspirar aqueles que acreditam que o desenvolvimento intelectual \u00e9 o melhor caminho para uma vida plena, feliz e rica.<\/div><\/div>\t\t\t\t\t\t<\/div>\n\t\t\t\t<\/div>\n\t\t\t\t<section class=\"elementor-section elementor-inner-section elementor-element elementor-element-73e5446f elementor-section-boxed elementor-section-height-default elementor-section-height-default\" data-id=\"73e5446f\" data-element_type=\"section\">\n\t\t\t\t\t\t<div class=\"elementor-container elementor-column-gap-default\">\n\t\t\t\t\t<div class=\"elementor-column elementor-col-50 elementor-inner-column elementor-element elementor-element-5734944e\" data-id=\"5734944e\" data-element_type=\"column\">\n\t\t\t<div class=\"elementor-widget-wrap elementor-element-populated\">\n\t\t\t\t\t\t<div class=\"elementor-element elementor-element-5d5d2b7 elementor-widget elementor-widget-text-editor\" data-id=\"5d5d2b7\" data-element_type=\"widget\" data-widget_type=\"text-editor.default\">\n\t\t\t\t<div class=\"elementor-widget-container\">\n\t\t\t\t\t\t\t<p><b>Contato<\/b><\/p><p>admin@cerebrototal.com.br<\/p><div>\u00a0<\/div>\t\t\t\t\t\t<\/div>\n\t\t\t\t<\/div>\n\t\t\t\t\t<\/div>\n\t\t<\/div>\n\t\t\t\t<div class=\"elementor-column elementor-col-50 elementor-inner-column elementor-element elementor-element-423e169d\" data-id=\"423e169d\" data-element_type=\"column\">\n\t\t\t<div class=\"elementor-widget-wrap elementor-element-populated\">\n\t\t\t\t\t\t<div class=\"elementor-element elementor-element-20746060 elementor-widget elementor-widget-text-editor\" data-id=\"20746060\" data-element_type=\"widget\" data-widget_type=\"text-editor.default\">\n\t\t\t\t<div class=\"elementor-widget-container\">\n\t\t\t\t\t\t\t<p><a href=\"https:\/\/cerebrototal.com.br\/pct\/politica-de-privacidade\/\" target=\"_blank\" rel=\"noopener\" data-wplink-url-error=\"true\">Pol\u00edtica de privacidade<\/a><br \/>Todos os direitos reservados.<\/p>\t\t\t\t\t\t<\/div>\n\t\t\t\t<\/div>\n\t\t\t\t\t<\/div>\n\t\t<\/div>\n\t\t\t\t\t<\/div>\n\t\t<\/section>\n\t\t\t\t\t<\/div>\n\t\t<\/div>\n\t\t\t\t\t<\/div>\n\t\t<\/section>\n\t\t\t\t<\/div>\n\t\t","protected":false},"excerpt":{"rendered":"<p>Seu c\u00e9rebro muito mais potente Copyright 2024 \u2013 Todos os direitos reservados \/ Criado e mantido por Diego Nolasco Curr\u00edculo Lattes: http:\/\/lattes.cnpq.br\/2381802193180578 \u00a0Aviso legal: Este site n\u00e3o possui qualquer afilia\u00e7\u00e3o com o Facebook ou suas empresas. Suas informa\u00e7\u00f5es jamais ser\u00e3o vendidas ou compartilhadas com terceiros.\u00a0Acredito em um trabalho s\u00e9rio e honesto. Aqui, mostro os tipos [&hellip;]<\/p>\n","protected":false},"author":1,"featured_media":0,"parent":0,"menu_order":0,"comment_status":"closed","ping_status":"closed","template":"elementor_header_footer","meta":{"footnotes":""},"class_list":["post-18","page","type-page","status-publish","hentry"],"_links":{"self":[{"href":"https:\/\/cerebrototal.com.br\/pct\/wp-json\/wp\/v2\/pages\/18","targetHints":{"allow":["GET"]}}],"collection":[{"href":"https:\/\/cerebrototal.com.br\/pct\/wp-json\/wp\/v2\/pages"}],"about":[{"href":"https:\/\/cerebrototal.com.br\/pct\/wp-json\/wp\/v2\/types\/page"}],"author":[{"embeddable":true,"href":"https:\/\/cerebrototal.com.br\/pct\/wp-json\/wp\/v2\/users\/1"}],"replies":[{"embeddable":true,"href":"https:\/\/cerebrototal.com.br\/pct\/wp-json\/wp\/v2\/comments?post=18"}],"version-history":[{"count":46,"href":"https:\/\/cerebrototal.com.br\/pct\/wp-json\/wp\/v2\/pages\/18\/revisions"}],"predecessor-version":[{"id":271,"href":"https:\/\/cerebrototal.com.br\/pct\/wp-json\/wp\/v2\/pages\/18\/revisions\/271"}],"wp:attachment":[{"href":"https:\/\/cerebrototal.com.br\/pct\/wp-json\/wp\/v2\/media?parent=18"}],"curies":[{"name":"wp","href":"https:\/\/api.w.org\/{rel}","templated":true}]}}